{"id":15,"date":"2022-10-18T10:54:33","date_gmt":"2022-10-18T10:54:33","guid":{"rendered":"https:\/\/radiolalibertadeste.com\/?page_id=15"},"modified":"2026-01-08T19:47:46","modified_gmt":"2026-01-08T18:47:46","slug":"about","status":"publish","type":"page","link":"https:\/\/radiolalibertadeste.com\/index.php\/about\/","title":{"rendered":"Qui\u00e9nes somos"},"content":{"rendered":"\t\t<div data-elementor-type=\"wp-page\" data-elementor-id=\"15\" class=\"elementor elementor-15\" data-elementor-post-type=\"page\">\n\t\t\t\t\t\t<section class=\"elementor-section elementor-top-section elementor-element elementor-element-d3806f7 elementor-section-full_width elementor-section-stretched elementor-section-height-default elementor-section-height-default\" data-id=\"d3806f7\" data-element_type=\"section\" data-settings=\"{&quot;stretch_section&quot;:&quot;section-stretched&quot;}\">\n\t\t\t\t\t\t<div class=\"elementor-container elementor-column-gap-wider\">\n\t\t\t\t\t<div class=\"elementor-column elementor-col-100 elementor-top-column elementor-element elementor-element-caf6059\" data-id=\"caf6059\" data-element_type=\"column\" data-settings=\"{&quot;background_background&quot;:&quot;classic&quot;}\">\n\t\t\t<div class=\"elementor-widget-wrap elementor-element-populated\">\n\t\t\t\t\t\t<section class=\"elementor-section elementor-inner-section elementor-element elementor-element-5d2b40f elementor-section-boxed elementor-section-height-default elementor-section-height-default\" data-id=\"5d2b40f\" data-element_type=\"section\">\n\t\t\t\t\t\t<div class=\"elementor-container elementor-column-gap-default\">\n\t\t\t\t\t<div class=\"elementor-column elementor-col-100 elementor-inner-column elementor-element elementor-element-c2850cc\" data-id=\"c2850cc\" data-element_type=\"column\">\n\t\t\t<div class=\"elementor-widget-wrap elementor-element-populated\">\n\t\t\t\t\t\t<div class=\"elementor-element elementor-element-ba7fdf4 elementor-widget elementor-widget-image\" data-id=\"ba7fdf4\" data-element_type=\"widget\" data-widget_type=\"image.default\">\n\t\t\t\t<div class=\"elementor-widget-container\">\n\t\t\t\t\t\t\t\t\t\t\t\t\t<img fetchpriority=\"high\" decoding=\"async\" width=\"780\" height=\"841\" src=\"https:\/\/radiolalibertadeste.com\/wp-content\/uploads\/2024\/11\/DIRECTTOR.png\" class=\"attachment-1536x1536 size-1536x1536 wp-image-539\" alt=\"\" srcset=\"https:\/\/radiolalibertadeste.com\/wp-content\/uploads\/2024\/11\/DIRECTTOR.png 780w, https:\/\/radiolalibertadeste.com\/wp-content\/uploads\/2024\/11\/DIRECTTOR-464x500.png 464w, https:\/\/radiolalibertadeste.com\/wp-content\/uploads\/2024\/11\/DIRECTTOR-278x300.png 278w, https:\/\/radiolalibertadeste.com\/wp-content\/uploads\/2024\/11\/DIRECTTOR-768x828.png 768w, https:\/\/radiolalibertadeste.com\/wp-content\/uploads\/2024\/11\/DIRECTTOR-70x75.png 70w, https:\/\/radiolalibertadeste.com\/wp-content\/uploads\/2024\/11\/DIRECTTOR-480x518.png 480w\" sizes=\"(max-width:767px) 480px, (max-width:780px) 100vw, 780px\" \/>\t\t\t\t\t\t\t\t\t\t\t\t\t<\/div>\n\t\t\t\t<\/div>\n\t\t\t\t<div class=\"elementor-element elementor-element-db378e4 elementor-widget elementor-widget-heading\" data-id=\"db378e4\" data-element_type=\"widget\" data-widget_type=\"heading.default\">\n\t\t\t\t<div class=\"elementor-widget-container\">\n\t\t\t<h1 class=\"elementor-heading-title elementor-size-default\">David   <span style=\"color:#2B6CF5\"> Nery<\/span><\/h1>\t\t<\/div>\n\t\t\t\t<\/div>\n\t\t\t\t<div class=\"elementor-element elementor-element-f64331e elementor-widget__width-initial elementor-widget elementor-widget-heading\" data-id=\"f64331e\" data-element_type=\"widget\" data-widget_type=\"heading.default\">\n\t\t\t\t<div class=\"elementor-widget-container\">\n\t\t\t<h5 class=\"elementor-heading-title elementor-size-default\">Fundador<\/h5>\t\t<\/div>\n\t\t\t\t<\/div>\n\t\t\t\t<div class=\"elementor-element elementor-element-3ca8c59 elementor-mobile-align-center elementor-widget-tablet__width-inherit elementor-align-center elementor-widget elementor-widget-button\" data-id=\"3ca8c59\" data-element_type=\"widget\" data-widget_type=\"button.default\">\n\t\t\t\t<div class=\"elementor-widget-container\">\n\t\t\t\t\t\t\t<div class=\"elementor-button-wrapper\">\n\t\t\t\t\t<a class=\"elementor-button elementor-size-sm\" role=\"button\">\n\t\t\t\t\t\t<span class=\"elementor-button-content-wrapper\">\n\t\t\t\t\t\t<span class=\"elementor-button-icon\">\n\t\t\t\t<svg aria-hidden=\"true\" class=\"e-font-icon-svg e-fas-angle-down\" viewBox=\"0 0 320 512\" xmlns=\"http:\/\/www.w3.org\/2000\/svg\"><path d=\"M143 352.3L7 216.3c-9.4-9.4-9.4-24.6 0-33.9l22.6-22.6c9.4-9.4 24.6-9.4 33.9 0l96.4 96.4 96.4-96.4c9.4-9.4 24.6-9.4 33.9 0l22.6 22.6c9.4 9.4 9.4 24.6 0 33.9l-136 136c-9.2 9.4-24.4 9.4-33.8 0z\"><\/path><\/svg>\t\t\t<\/span>\n\t\t\t\t\t\t\t\t\t<span class=\"elementor-button-text\">QUIENES SOMOS<\/span>\n\t\t\t\t\t<\/span>\n\t\t\t\t\t<\/a>\n\t\t\t\t<\/div>\n\t\t\t\t\t\t<\/div>\n\t\t\t\t<\/div>\n\t\t\t\t\t<\/div>\n\t\t<\/div>\n\t\t\t\t\t<\/div>\n\t\t<\/section>\n\t\t\t\t<section class=\"elementor-section elementor-inner-section elementor-element elementor-element-0d08d77 elementor-section-boxed elementor-section-height-default elementor-section-height-default\" data-id=\"0d08d77\" data-element_type=\"section\">\n\t\t\t\t\t\t<div class=\"elementor-container elementor-column-gap-default\">\n\t\t\t\t\t<div class=\"elementor-column elementor-col-33 elementor-inner-column elementor-element elementor-element-992e2b5\" data-id=\"992e2b5\" data-element_type=\"column\">\n\t\t\t<div class=\"elementor-widget-wrap elementor-element-populated\">\n\t\t\t\t\t\t<div class=\"elementor-element elementor-element-d3d98a8 elementor-widget elementor-widget-image\" data-id=\"d3d98a8\" data-element_type=\"widget\" data-widget_type=\"image.default\">\n\t\t\t\t<div class=\"elementor-widget-container\">\n\t\t\t\t\t\t\t\t\t\t\t\t\t<img decoding=\"async\" width=\"800\" height=\"800\" src=\"https:\/\/radiolalibertadeste.com\/wp-content\/uploads\/2024\/11\/logo-principal-1-800x800.png\" class=\"attachment-woocommerce_thumbnail size-woocommerce_thumbnail wp-image-295\" alt=\"\" srcset=\"https:\/\/radiolalibertadeste.com\/wp-content\/uploads\/2024\/11\/logo-principal-1-800x800.png 800w, https:\/\/radiolalibertadeste.com\/wp-content\/uploads\/2024\/11\/logo-principal-1-300x300.png 300w, https:\/\/radiolalibertadeste.com\/wp-content\/uploads\/2024\/11\/logo-principal-1-150x150.png 150w\" sizes=\"(max-width:767px) 480px, (max-width:800px) 100vw, 800px\" \/>\t\t\t\t\t\t\t\t\t\t\t\t\t<\/div>\n\t\t\t\t<\/div>\n\t\t\t\t\t<\/div>\n\t\t<\/div>\n\t\t\t\t<div class=\"elementor-column elementor-col-66 elementor-inner-column elementor-element elementor-element-e52f2e6\" data-id=\"e52f2e6\" data-element_type=\"column\">\n\t\t\t<div class=\"elementor-widget-wrap elementor-element-populated\">\n\t\t\t\t\t\t<div class=\"elementor-element elementor-element-58b378f elementor-widget elementor-widget-image\" data-id=\"58b378f\" data-element_type=\"widget\" data-widget_type=\"image.default\">\n\t\t\t\t<div class=\"elementor-widget-container\">\n\t\t\t\t\t\t\t\t\t\t\t\t\t<img decoding=\"async\" width=\"85\" height=\"78\" src=\"https:\/\/radiolalibertadeste.com\/wp-content\/uploads\/2022\/10\/bedoctor-icon1.svg\" class=\"attachment-full size-full wp-image-31\" alt=\"\" \/>\t\t\t\t\t\t\t\t\t\t\t\t\t<\/div>\n\t\t\t\t<\/div>\n\t\t\t\t<div class=\"elementor-element elementor-element-a1196eb elementor-widget elementor-widget-heading\" data-id=\"a1196eb\" data-element_type=\"widget\" data-widget_type=\"heading.default\">\n\t\t\t\t<div class=\"elementor-widget-container\">\n\t\t\t<h4 class=\"elementor-heading-title elementor-size-default\">Somos una radio con servicio a las comunidades de Antiguo Cuscatl\u00e1n, Nuevo Cuscatl\u00e1n ,Huizucar ,Zaragosa  y San Jos\u00e9 Villa Nueva; Nuestro fin es dar a conocer las  problem\u00e1ticas que les afectan como: Falta de  agua, luz, pavimentaci\u00f3n, contaminaci\u00f3n de los r\u00edos, maltrato animal y los derechos de las mujeres y la ni\u00f1ez de nuestras comunidades d\u00e1ndolas a conocer atraves de nuestros espacios a la comunidad de la Libertad Este.<\/h4>\t\t<\/div>\n\t\t\t\t<\/div>\n\t\t\t\t<div class=\"elementor-element elementor-element-cd2bd9b elementor-widget-divider--view-line_text elementor-widget-divider--element-align-right elementor-widget elementor-widget-divider\" data-id=\"cd2bd9b\" data-element_type=\"widget\" data-widget_type=\"divider.default\">\n\t\t\t\t<div class=\"elementor-widget-container\">\n\t\t\t\t\t<div class=\"elementor-divider\">\n\t\t\t<span class=\"elementor-divider-separator\">\n\t\t\t\t\t\t\t<span class=\"elementor-divider__text elementor-divider__element\">\n\t\t\t\tLA RADIO DEL PUEBLO\t\t\t\t<\/span>\n\t\t\t\t\t\t<\/span>\n\t\t<\/div>\n\t\t\t\t<\/div>\n\t\t\t\t<\/div>\n\t\t\t\t\t<\/div>\n\t\t<\/div>\n\t\t\t\t\t<\/div>\n\t\t<\/section>\n\t\t\t\t\t<\/div>\n\t\t<\/div>\n\t\t\t\t\t<\/div>\n\t\t<\/section>\n\t\t\t\t<section class=\"elementor-section elementor-top-section elementor-element elementor-element-ab189cb elementor-section-full_width elementor-section-stretched elementor-section-height-default elementor-section-height-default\" data-id=\"ab189cb\" data-element_type=\"section\" data-settings=\"{&quot;stretch_section&quot;:&quot;section-stretched&quot;}\">\n\t\t\t\t\t\t<div class=\"elementor-container elementor-column-gap-wider\">\n\t\t\t\t\t<div class=\"elementor-column elementor-col-100 elementor-top-column elementor-element elementor-element-78a4080\" data-id=\"78a4080\" data-element_type=\"column\">\n\t\t\t<div class=\"elementor-widget-wrap elementor-element-populated\">\n\t\t\t\t\t\t<section class=\"elementor-section elementor-inner-section elementor-element elementor-element-2c1896b elementor-section-boxed elementor-section-height-default elementor-section-height-default\" data-id=\"2c1896b\" data-element_type=\"section\">\n\t\t\t\t\t\t<div class=\"elementor-container elementor-column-gap-default\">\n\t\t\t\t\t<div class=\"elementor-column elementor-col-50 elementor-inner-column elementor-element elementor-element-b09acdc\" data-id=\"b09acdc\" data-element_type=\"column\">\n\t\t\t<div class=\"elementor-widget-wrap elementor-element-populated\">\n\t\t\t\t\t\t<div class=\"elementor-element elementor-element-a30a4f6 elementor-widget elementor-widget-image\" data-id=\"a30a4f6\" data-element_type=\"widget\" data-widget_type=\"image.default\">\n\t\t\t\t<div class=\"elementor-widget-container\">\n\t\t\t\t\t\t\t\t\t\t\t\t\t<img loading=\"lazy\" decoding=\"async\" width=\"1707\" height=\"2560\" src=\"https:\/\/radiolalibertadeste.com\/wp-content\/uploads\/2024\/11\/portrait-woman-listening-music-park-scaled.jpg\" class=\"attachment-full size-full wp-image-317\" alt=\"\" srcset=\"https:\/\/radiolalibertadeste.com\/wp-content\/uploads\/2024\/11\/portrait-woman-listening-music-park-scaled.jpg 1707w, https:\/\/radiolalibertadeste.com\/wp-content\/uploads\/2024\/11\/portrait-woman-listening-music-park-800x1200.jpg 800w, https:\/\/radiolalibertadeste.com\/wp-content\/uploads\/2024\/11\/portrait-woman-listening-music-park-333x500.jpg 333w, https:\/\/radiolalibertadeste.com\/wp-content\/uploads\/2024\/11\/portrait-woman-listening-music-park-200x300.jpg 200w, https:\/\/radiolalibertadeste.com\/wp-content\/uploads\/2024\/11\/portrait-woman-listening-music-park-768x1152.jpg 768w, https:\/\/radiolalibertadeste.com\/wp-content\/uploads\/2024\/11\/portrait-woman-listening-music-park-1024x1536.jpg 1024w, https:\/\/radiolalibertadeste.com\/wp-content\/uploads\/2024\/11\/portrait-woman-listening-music-park-1365x2048.jpg 1365w, https:\/\/radiolalibertadeste.com\/wp-content\/uploads\/2024\/11\/portrait-woman-listening-music-park-50x75.jpg 50w, https:\/\/radiolalibertadeste.com\/wp-content\/uploads\/2024\/11\/portrait-woman-listening-music-park-480x720.jpg 480w\" sizes=\"(max-width:767px) 480px, (max-width:1707px) 100vw, 1707px\" \/>\t\t\t\t\t\t\t\t\t\t\t\t\t<\/div>\n\t\t\t\t<\/div>\n\t\t\t\t\t<\/div>\n\t\t<\/div>\n\t\t\t\t<div class=\"elementor-column elementor-col-50 elementor-inner-column elementor-element elementor-element-9892f37\" data-id=\"9892f37\" data-element_type=\"column\" data-settings=\"{&quot;background_background&quot;:&quot;classic&quot;}\">\n\t\t\t<div class=\"elementor-widget-wrap elementor-element-populated\">\n\t\t\t\t\t\t<div class=\"elementor-element elementor-element-ab80a7c elementor-position-top elementor-widget elementor-widget-image-box\" data-id=\"ab80a7c\" data-element_type=\"widget\" data-widget_type=\"image-box.default\">\n\t\t\t\t<div class=\"elementor-widget-container\">\n\t\t\t<div class=\"elementor-image-box-wrapper\"><figure class=\"elementor-image-box-img\"><img loading=\"lazy\" decoding=\"async\" width=\"110\" height=\"110\" src=\"https:\/\/radiolalibertadeste.com\/wp-content\/uploads\/2022\/10\/bedoctor-icon-pin_el.svg\" class=\"attachment-full size-full wp-image-276\" alt=\"\" \/><\/figure><div class=\"elementor-image-box-content\"><h3 class=\"elementor-image-box-title\">Somos una radio en l\u00ednea que transmite 24 horas desde El Salvador para el mundo. <\/h3><\/div><\/div>\t\t<\/div>\n\t\t\t\t<\/div>\n\t\t\t\t<div class=\"elementor-element elementor-element-a800831 elementor-widget__width-initial elementor-widget elementor-widget-heading\" data-id=\"a800831\" data-element_type=\"widget\" data-widget_type=\"heading.default\">\n\t\t\t\t<div class=\"elementor-widget-container\">\n\t\t\t<h5 class=\"elementor-heading-title elementor-size-default\">Conectamos a nuestras comunidades con m\u00fasica, noticias y programas dedicados al servicio y bienestar de nuestra gente. \u00a1Donde la libertad se escucha, sin fronteras!<\/h5>\t\t<\/div>\n\t\t\t\t<\/div>\n\t\t\t\t\t<\/div>\n\t\t<\/div>\n\t\t\t\t\t<\/div>\n\t\t<\/section>\n\t\t\t\t\t<\/div>\n\t\t<\/div>\n\t\t\t\t\t<\/div>\n\t\t<\/section>\n\t\t\t\t<section class=\"elementor-section elementor-top-section elementor-element elementor-element-75ed034 elementor-section-full_width elementor-section-stretched elementor-section-height-default elementor-section-height-default\" data-id=\"75ed034\" data-element_type=\"section\" data-settings=\"{&quot;stretch_section&quot;:&quot;section-stretched&quot;}\">\n\t\t\t\t\t\t<div class=\"elementor-container elementor-column-gap-wider\">\n\t\t\t\t\t<div class=\"elementor-column elementor-col-100 elementor-top-column elementor-element elementor-element-edefe90\" data-id=\"edefe90\" data-element_type=\"column\">\n\t\t\t<div class=\"elementor-widget-wrap elementor-element-populated\">\n\t\t\t\t\t\t<section class=\"elementor-section elementor-inner-section elementor-element elementor-element-41ca16b elementor-section-boxed elementor-section-height-default elementor-section-height-default\" data-id=\"41ca16b\" data-element_type=\"section\" data-settings=\"{&quot;background_background&quot;:&quot;classic&quot;}\">\n\t\t\t\t\t\t<div class=\"elementor-container elementor-column-gap-default\">\n\t\t\t\t\t<div class=\"elementor-column elementor-col-100 elementor-inner-column elementor-element elementor-element-5066b2f\" data-id=\"5066b2f\" data-element_type=\"column\" data-settings=\"{&quot;background_background&quot;:&quot;classic&quot;}\">\n\t\t\t<div class=\"elementor-widget-wrap elementor-element-populated\">\n\t\t\t\t\t\t<div class=\"elementor-element elementor-element-ae56ca1 elementor-widget elementor-widget-image\" data-id=\"ae56ca1\" data-element_type=\"widget\" data-widget_type=\"image.default\">\n\t\t\t\t<div class=\"elementor-widget-container\">\n\t\t\t\t\t\t\t\t\t\t\t\t\t<img loading=\"lazy\" decoding=\"async\" width=\"300\" height=\"188\" src=\"https:\/\/radiolalibertadeste.com\/wp-content\/uploads\/2024\/11\/logo-principal-1-300x188.png\" class=\"attachment-thumbnail size-thumbnail wp-image-295\" alt=\"\" srcset=\"https:\/\/radiolalibertadeste.com\/wp-content\/uploads\/2024\/11\/logo-principal-1-300x188.png 300w, https:\/\/radiolalibertadeste.com\/wp-content\/uploads\/2024\/11\/logo-principal-1-800x500.png 800w, https:\/\/radiolalibertadeste.com\/wp-content\/uploads\/2024\/11\/logo-principal-1-500x313.png 500w, https:\/\/radiolalibertadeste.com\/wp-content\/uploads\/2024\/11\/logo-principal-1-1200x750.png 1200w, https:\/\/radiolalibertadeste.com\/wp-content\/uploads\/2024\/11\/logo-principal-1-768x480.png 768w, https:\/\/radiolalibertadeste.com\/wp-content\/uploads\/2024\/11\/logo-principal-1-1536x960.png 1536w, https:\/\/radiolalibertadeste.com\/wp-content\/uploads\/2024\/11\/logo-principal-1-2048x1280.png 2048w, https:\/\/radiolalibertadeste.com\/wp-content\/uploads\/2024\/11\/logo-principal-1-120x75.png 120w, https:\/\/radiolalibertadeste.com\/wp-content\/uploads\/2024\/11\/logo-principal-1-480x300.png 480w\" sizes=\"(max-width:767px) 300px, 300px\" \/>\t\t\t\t\t\t\t\t\t\t\t\t\t<\/div>\n\t\t\t\t<\/div>\n\t\t\t\t<div class=\"elementor-element elementor-element-c579978 elementor-widget__width-initial elementor-widget elementor-widget-heading\" data-id=\"c579978\" data-element_type=\"widget\" data-widget_type=\"heading.default\">\n\t\t\t\t<div class=\"elementor-widget-container\">\n\t\t\t<h3 class=\"elementor-heading-title elementor-size-default\"><span style=\"color:#FFE8DA\">M\u00fasica para todos los gustos que acompa\u00f1a tu d\u00eda.<\/span> Noticias y programas enfocados en las necesidades de nuestra gente.<\/h3>\t\t<\/div>\n\t\t\t\t<\/div>\n\t\t\t\t\t<\/div>\n\t\t<\/div>\n\t\t\t\t\t<\/div>\n\t\t<\/section>\n\t\t\t\t\t<\/div>\n\t\t<\/div>\n\t\t\t\t\t<\/div>\n\t\t<\/section>\n\t\t\t\t<\/div>\n\t\t","protected":false},"excerpt":{"rendered":"<p>David Nery Fundador QUIENES SOMOS Somos una radio con servicio a las comunidades de Antiguo Cuscatl\u00e1n, Nuevo Cuscatl\u00e1n ,Huizucar ,Zaragosa y San Jos\u00e9 Villa Nueva; Nuestro<span class=\"excerpt-hellip\"> [\u2026]<\/span><\/p>\n","protected":false},"author":1,"featured_media":0,"parent":0,"menu_order":0,"comment_status":"open","ping_status":"closed","template":"","meta":{"footnotes":""},"class_list":["post-15","page","type-page","status-publish","hentry"],"_links":{"self":[{"href":"https:\/\/radiolalibertadeste.com\/index.php\/wp-json\/wp\/v2\/pages\/15","targetHints":{"allow":["GET"]}}],"collection":[{"href":"https:\/\/radiolalibertadeste.com\/index.php\/wp-json\/wp\/v2\/pages"}],"about":[{"href":"https:\/\/radiolalibertadeste.com\/index.php\/wp-json\/wp\/v2\/types\/page"}],"author":[{"embeddable":true,"href":"https:\/\/radiolalibertadeste.com\/index.php\/wp-json\/wp\/v2\/users\/1"}],"replies":[{"embeddable":true,"href":"https:\/\/radiolalibertadeste.com\/index.php\/wp-json\/wp\/v2\/comments?post=15"}],"version-history":[{"count":27,"href":"https:\/\/radiolalibertadeste.com\/index.php\/wp-json\/wp\/v2\/pages\/15\/revisions"}],"predecessor-version":[{"id":696,"href":"https:\/\/radiolalibertadeste.com\/index.php\/wp-json\/wp\/v2\/pages\/15\/revisions\/696"}],"wp:attachment":[{"href":"https:\/\/radiolalibertadeste.com\/index.php\/wp-json\/wp\/v2\/media?parent=15"}],"curies":[{"name":"wp","href":"https:\/\/api.w.org\/{rel}","templated":true}]}}